{"id":1522,"date":"2019-10-12T21:29:18","date_gmt":"2019-10-12T21:29:18","guid":{"rendered":"https:\/\/ginsatel.com\/?page_id=1522"},"modified":"2019-10-12T21:30:32","modified_gmt":"2019-10-12T21:30:32","slug":"politica-privacidad","status":"publish","type":"page","link":"https:\/\/ginsatel.com\/index.php\/politica-privacidad\/","title":{"rendered":"pol\u00edtica de privacidad"},"content":{"rendered":"<div class=\"wpb-content-wrapper\"><p>[vc_row][vc_column width=&#8221;1\/6&#8243;][\/vc_column][vc_column width=&#8221;2\/3&#8243; css=&#8221;.vc_custom_1570910585162{padding-top: 50px !important;}&#8221;][vc_column_text]<\/p>\n<h2><span style=\"font-family: montserrat;\">POL\u00cdTICA DE PRIVACIDAD<\/span><\/h2>\n<p>&nbsp;<\/p>\n<p><span style=\"font-family: montserrat;\">GINSATEL MURCIA, S.L., informa seguidamente de su pol\u00edtica de privacidad aplicada a los datos personales. De esta manera, todos los datos personales que tenga bajo su responsabilidad ser\u00e1n tratados de acuerdo con la normativa de protecci\u00f3n de datos<\/span><\/p>\n<p><span style=\"font-family: montserrat;\">El uso de la p\u00e1gina web www.ginsatel.com no implica que el usuario deba suministrar informaci\u00f3n alguna respecto a su identidad, no pudiendo ser asociada a un usuario concreto por la empresa. En el supuesto que se suministre datos de car\u00e1cter de personal, estos datos ser\u00e1n recogidos y utilizados conforme a las limitaciones y los derechos recogidos en la citada norma de protecci\u00f3n de datos.<\/span><\/p>\n<h3><span style=\"font-family: montserrat;\">\u00bfQui\u00e9n es el Responsable del tratamiento de sus datos?<\/span><\/h3>\n<h3><span style=\"font-family: montserrat;\">Identidad: GINSATEL MURCIA, S.L.<\/span><\/h3>\n<h3><span style=\"font-family: montserrat;\">CIF: B30480636<\/span><\/h3>\n<h3><span style=\"font-family: montserrat;\">Direcci\u00f3n postal: Avda. Francisco Salzillo, Traves\u00eda Saavedra Fajardo, P22\/4-10 Mod A-8, 30169 de Murcia<\/span><\/h3>\n<p><span style=\"font-family: montserrat;\">Tel\u00e9fono: 968 40 44 72\u00a0\u00a0\u00a0\u00a0\u00a0\u00a0\u00a0\u00a0\u00a0\u00a0\u00a0\u00a0\u00a0 Correo electr\u00f3nico: ginsatel@ginsatel.com<\/span><\/p>\n<h3><span style=\"font-family: montserrat;\">\u00bfCon qu\u00e9 finalidad tratamos sus datos personales?<\/span><\/h3>\n<p><span style=\"font-family: montserrat;\">En GINSATEL MURCIA, S.L. usamos sus datos personales \u00fanicamente para dar respuesta a las solicitudes remitidas por la p\u00e1gina web.<\/span><\/p>\n<p><span style=\"font-family: montserrat;\">Los datos recabados por las cookies tienen las finalidades detalladas en la pol\u00edtica de cookies.<\/span><\/p>\n<h3><span style=\"font-family: montserrat;\">\u00bfCu\u00e1l es la legitimaci\u00f3n para el tratamiento de sus datos?<\/span><\/h3>\n<p><span style=\"font-family: montserrat;\">La base legal para el tratamiento de sus datos es la respuesta a las consultas planteadas a trav\u00e9s de la p\u00e1gina web, lo que supone la aplicaci\u00f3n, a petici\u00f3n del interesado, de medidas pre-contractuales por parte del interesado.<\/span><\/p>\n<h3><span style=\"font-family: montserrat;\">\u00bfA qu\u00e9 destinatarios se comunicar\u00e1n sus datos?<\/span><\/h3>\n<p><span style=\"font-family: montserrat;\">Los datos personales no ser\u00e1n proporcionados a terceros salvo obligaci\u00f3n legal<\/span><\/p>\n<h3><span style=\"font-family: montserrat;\">\u00bfPor cu\u00e1nto tiempo conservaremos sus datos?<\/span><\/h3>\n<p><span style=\"font-family: montserrat;\">Los datos ser\u00e1n conservados el tiempo necesario para dar respuesta a las consultas, y posteriormente 12 meses para evitar posibles errores o malentendidos.<\/span><\/p>\n<h3><span style=\"font-family: montserrat;\">\u00bfCu\u00e1les son sus derechos cuando nos facilita sus datos?<\/span><\/h3>\n<p><span style=\"font-family: montserrat;\">Cualquier persona tiene derecho a obtener confirmaci\u00f3n sobre si estamos tratando datos personales que les conciernan, o no.\u00a0 Las personas interesadas tienen derecho a acceder a sus datos personales, as\u00ed como a solicitar la rectificaci\u00f3n de los datos inexactos o, en su caso, solicitar su supresi\u00f3n cuando, entre otros motivos, los datos ya no sea necesarios para los fines que fueron recogidos. Mediante correo electr\u00f3nico con fotocopia de DNI a ginsatel@ginsatel.com.<\/span><\/p>\n<p><span style=\"font-family: montserrat;\">En determinadas circunstancias, los interesados podr\u00e1n solicitar la limitaci\u00f3n del tratamiento de sus datos, en cuyo caso \u00fanicamente los conservaremos para el ejercicio o la defensa de reclamaciones.<\/span><\/p>\n<p><span style=\"font-family: montserrat;\">Recuerde que puede presentar reclamaci\u00f3n ante la autoridad de control.<\/span><\/p>\n<h3><span style=\"font-family: montserrat;\">\u00bfC\u00f3mo hemos obtenido sus datos?<\/span><\/h3>\n<p><span style=\"font-family: montserrat;\">Los datos personales que tratamos han sido proporcionados directamente por el interesado a trav\u00e9s de los diferentes formularios de los que dispone la p\u00e1gina web, o bien a trav\u00e9s de las cookies instaladas tal y como puede consultarse en nuestra pol\u00edtica de cookies.<\/span><\/p>\n<p><span style=\"font-family: montserrat;\">\u00danicamente se tratar\u00e1n datos identificativos y correo electr\u00f3nico.<\/span><\/p>\n<p>[\/vc_column_text][\/vc_column][vc_column width=&#8221;1\/6&#8243;][\/vc_column][\/vc_row]<\/p>\n<\/div>","protected":false},"excerpt":{"rendered":"<p>[vc_row][vc_column width=&#8221;1\/6&#8243;][\/vc_column][vc_column width=&#8221;2\/3&#8243; css=&#8221;.vc_custom_1570910585162{padding-top: 50px !important;}&#8221;][vc_column_text] POL\u00cdTICA DE PRIVACIDAD &nbsp; GINSATEL MURCIA, S.L., informa seguidamente de su pol\u00edtica de privacidad aplicada a los datos personales. De esta manera, todos los datos personales que tenga bajo su responsabilidad ser\u00e1n tratados de acuerdo con la normativa de protecci\u00f3n de datos El uso de la p\u00e1gina web www.ginsatel.com [&hellip;]<\/p>\n","protected":false},"author":488,"featured_media":0,"parent":0,"menu_order":0,"comment_status":"closed","ping_status":"closed","template":"page-templates\/template-fullwidth.php","meta":{"footnotes":""},"class_list":["post-1522","page","type-page","status-publish","hentry"],"_links":{"self":[{"href":"https:\/\/ginsatel.com\/index.php\/wp-json\/wp\/v2\/pages\/1522","targetHints":{"allow":["GET"]}}],"collection":[{"href":"https:\/\/ginsatel.com\/index.php\/wp-json\/wp\/v2\/pages"}],"about":[{"href":"https:\/\/ginsatel.com\/index.php\/wp-json\/wp\/v2\/types\/page"}],"author":[{"embeddable":true,"href":"https:\/\/ginsatel.com\/index.php\/wp-json\/wp\/v2\/users\/488"}],"replies":[{"embeddable":true,"href":"https:\/\/ginsatel.com\/index.php\/wp-json\/wp\/v2\/comments?post=1522"}],"version-history":[{"count":4,"href":"https:\/\/ginsatel.com\/index.php\/wp-json\/wp\/v2\/pages\/1522\/revisions"}],"predecessor-version":[{"id":1528,"href":"https:\/\/ginsatel.com\/index.php\/wp-json\/wp\/v2\/pages\/1522\/revisions\/1528"}],"wp:attachment":[{"href":"https:\/\/ginsatel.com\/index.php\/wp-json\/wp\/v2\/media?parent=1522"}],"curies":[{"name":"wp","href":"https:\/\/api.w.org\/{rel}","templated":true}]}}