{"id":256,"date":"2015-07-27T04:50:39","date_gmt":"2015-07-27T04:50:39","guid":{"rendered":"http:\/\/demo.vegatheme.com\/archilight\/?page_id=256"},"modified":"2021-01-29T19:04:37","modified_gmt":"2021-01-29T19:04:37","slug":"contacto-ginsatel-instalaciones-electricas-murcia","status":"publish","type":"page","link":"https:\/\/ginsatel.com\/index.php\/contacto-ginsatel-instalaciones-electricas-murcia\/","title":{"rendered":"Contacto"},"content":{"rendered":"<div class=\"wpb-content-wrapper\"><p>[vc_row fullwidth=&#8221;yes&#8221;][vc_column][rev_slider_vc alias=&#8221;contacto&#8221;][\/vc_column][\/vc_row][vc_row][vc_column][vc_empty_space][\/vc_column][\/vc_row][vc_row gap=&#8221;30&#8243;][vc_column width=&#8221;2\/3&#8243;][vc_column_text]<\/p>\n<h1 style=\"text-align: left;\"><span style=\"font-size: 25pt; font-family: datbox; color: #000000;\"><span style=\"font-family: montserrat;\"><strong><span style=\"font-size: 36pt;\">Envianos <\/span><\/strong>un mensaje<\/span><br \/>\n<\/span>[\/vc_column_text][vc_empty_space height=&#8221;10px&#8221;]\n<div class=\"wpcf7 no-js\" id=\"wpcf7-f15-o1\" lang=\"es-ES\" dir=\"ltr\" data-wpcf7-id=\"15\">\n<div class=\"screen-reader-response\"><p role=\"status\" aria-live=\"polite\" aria-atomic=\"true\"><\/p> <ul><\/ul><\/div>\n<form action=\"\/index.php\/wp-json\/wp\/v2\/pages\/256#wpcf7-f15-o1\" method=\"post\" class=\"wpcf7-form init\" aria-label=\"Formulario de contacto\" novalidate=\"novalidate\" data-status=\"init\">\n<fieldset class=\"hidden-fields-container\"><input type=\"hidden\" name=\"_wpcf7\" value=\"15\" \/><input type=\"hidden\" name=\"_wpcf7_version\" value=\"6.1.5\" \/><input type=\"hidden\" name=\"_wpcf7_locale\" value=\"es_ES\" \/><input type=\"hidden\" name=\"_wpcf7_unit_tag\" value=\"wpcf7-f15-o1\" \/><input type=\"hidden\" name=\"_wpcf7_container_post\" value=\"0\" \/><input type=\"hidden\" name=\"_wpcf7_posted_data_hash\" value=\"\" \/>\n<\/fieldset>\n<p>Nombre (requerido)\n<\/p>\n<p><span class=\"wpcf7-form-control-wrap\" data-name=\"your-name\"><input size=\"40\" maxlength=\"400\" class=\"wpcf7-form-control wpcf7-text wpcf7-validates-as-required\" aria-required=\"true\" aria-invalid=\"false\" value=\"\" type=\"text\" name=\"your-name\" \/><\/span>\n<\/p>\n<p>Correo electr\u00f3nico (requerido)\n<\/p>\n<p><span class=\"wpcf7-form-control-wrap\" data-name=\"your-email\"><input size=\"40\" maxlength=\"400\" class=\"wpcf7-form-control wpcf7-email wpcf7-validates-as-required wpcf7-text wpcf7-validates-as-email\" aria-required=\"true\" aria-invalid=\"false\" value=\"\" type=\"email\" name=\"your-email\" \/><\/span>\n<\/p>\n<p>Asunto\n<\/p>\n<p><span class=\"wpcf7-form-control-wrap\" data-name=\"your-subject\"><input size=\"40\" maxlength=\"400\" class=\"wpcf7-form-control wpcf7-text\" aria-invalid=\"false\" value=\"\" type=\"text\" name=\"your-subject\" \/><\/span>\n<\/p>\n<p>Mensaje\n<\/p>\n<p><span class=\"wpcf7-form-control-wrap\" data-name=\"your-message\"><textarea cols=\"40\" rows=\"10\" maxlength=\"2000\" class=\"wpcf7-form-control wpcf7-textarea\" aria-invalid=\"false\" name=\"your-message\"><\/textarea><\/span>\n<\/p>\n<p><span class=\"wpcf7-form-control-wrap\" data-name=\"acceptance-97\"><span class=\"wpcf7-form-control wpcf7-acceptance\"><span class=\"wpcf7-list-item\"><input type=\"checkbox\" name=\"acceptance-97\" value=\"1\" aria-invalid=\"false\" \/><\/span><\/span><\/span><span style=\"text-align: left; font-size: 12px; line-height: 13px;\">He le\u00eddo y acepto la <a  href=\"https:\/\/ginsatel.com\/index.php\/politica-privacidad\"><strong>POL\u00cdTICA DE PRIVACIDAD<\/strong><\/a>.<\/span><br \/>\n<span class=\"wpcf7-form-control-wrap\" data-name=\"acceptance-97\"><span class=\"wpcf7-form-control wpcf7-acceptance\"><span class=\"wpcf7-list-item\"><input type=\"checkbox\" name=\"acceptance-97\" value=\"1\" aria-invalid=\"false\" \/><\/span><\/span><\/span><span style=\"text-align: left; font-size: 12px; line-height: 13px;\"> Acepto y autorizo a que mis datos sean tratados por GINSATEL (www.ginsatel.com), con las finalidades indicadas en la POL\u00cdTICA DE PRIVACIDAD para remitirme, por cualquier medio, incluidos los electr\u00f3nicos (SMS, mensajer\u00eda directa, correo electr\u00f3nico), boletines (Newsletters) informando acerca de productos o servicios de GINSATEL (www.ginsatel.com) y comunicaciones de cortes\u00eda.<\/span>\n<\/p>\n<p><input class=\"wpcf7-form-control wpcf7-submit has-spinner\" type=\"submit\" value=\"Enviar\" \/>\n<\/p><div class=\"wpcf7-response-output\" aria-hidden=\"true\"><\/div>\n<\/form>\n<\/div>\n[\/vc_column][vc_column width=&#8221;1\/3&#8243;][vc_column_text]<span style=\"font-family: montserrat;\"><strong><span style=\"font-size: 25pt; color: #000000;\">Contacto<\/span><\/strong><\/span>[\/vc_column_text][vc_column_text]<\/h1>\n<address>\n<div>\n<p>Tr. Saavedra Fajardo, Parcela 22-4,<br \/>\nM\u00f3dulo A-8, Pol\u00edgono Industrial Oeste,<br \/>\nSan Gin\u00e9s (Murcia) 30169.<\/p>\n<\/div>\n<div><strong>Tel.:\u00a0<\/strong>675 784 975<\/div>\n<div><strong>Tel.:\u00a0<\/strong>968 404 472<\/div>\n<div><strong>Mail: <\/strong>ginsatel@ginsatel.com<\/div>\n<div><strong>Web: <\/strong>ginsatel.com<\/div>\n<div><strong>Hora:\u00a0<\/strong>Lunes &#8211; Viernes 09:00 &#8211; 14:00 \/ 16:00 &#8211; 19:00<\/div>\n<p><strong>Coordenadas GPS<\/strong><\/p>\n<div><strong>Latitud: <\/strong>37.95090 \u00ba<\/div>\n<div><strong>Longitud:<\/strong> &#8211; 1.19339 \u00ba<\/div>\n<div><strong>Altitud:<\/strong> 64.98 m<\/div>\n<p><strong>Coordenadas UTM<\/strong><\/p>\n<div><strong>X: <\/strong>658.728 km<\/div>\n<div><strong>Y:<\/strong> 4201.908 km<\/div>\n<div><strong>Zona:<\/strong> 30 S Norte<\/div>\n<p><strong>MGRS:<\/strong><\/p>\n<div>30S XH 38728 01908<\/div>\n<\/address>\n<p>[\/vc_column_text][vc_single_image image=&#8221;814&#8243;][\/vc_column][\/vc_row][vc_row fullwidth=&#8221;yes&#8221; css=&#8221;.vc_custom_1458523276790{padding-bottom: 0px !important;}&#8221;][vc_column][vc_gmaps link=&#8221;#E-8_JTNDaWZyYW1lJTIwc3JjJTNEJTIyaHR0cHMlM0ElMkYlMkZ3d3cuZ29vZ2xlLmNvbSUyRm1hcHMlMkZlbWJlZCUzRnBiJTNEJTIxMW0xOCUyMTFtMTIlMjExbTMlMjExZDMxNDYuMTI3NjM0OTE5MDgxJTIxMmQtMS4xOTU3NzEwODQ2NzcyODU4JTIxM2QzNy45NTA4MDU2Nzk3Mjc1OTQlMjEybTMlMjExZjAlMjEyZjAlMjEzZjAlMjEzbTIlMjExaTEwMjQlMjEyaTc2OCUyMTRmMTMuMSUyMTNtMyUyMTFtMiUyMTFzMHgwJTI1M0EweDAlMjEyek16ZkNzRFUzSnpBeUxqa2lUaUF4d3JBeE1TY3pOaTQ1SWxjJTIxNWUwJTIxM20yJTIxMXNlcyUyMTJzZXMlMjE0djE1Njg5MTI3NzkyMzUlMjE1bTIlMjExc2VzJTIxMnNlcyUyMiUyMHdpZHRoJTNEJTIyNjAwJTIyJTIwaGVpZ2h0JTNEJTIyNDUwJTIyJTIwZnJhbWVib3JkZXIlM0QlMjIwJTIyJTIwc3R5bGUlM0QlMjJib3JkZXIlM0EwJTNCJTIyJTIwYWxsb3dmdWxsc2NyZWVuJTNEJTIyJTIyJTNFJTNDJTJGaWZyYW1lJTNF&#8221;][\/vc_column][\/vc_row]<\/p>\n<\/div>","protected":false},"excerpt":{"rendered":"<p>[vc_row fullwidth=&#8221;yes&#8221;][vc_column][rev_slider_vc alias=&#8221;contacto&#8221;][\/vc_column][\/vc_row][vc_row][vc_column][vc_empty_space][\/vc_column][\/vc_row][vc_row gap=&#8221;30&#8243;][vc_column width=&#8221;2\/3&#8243;][vc_column_text] Envianos un mensaje [\/vc_column_text][vc_empty_space height=&#8221;10px&#8221;][\/vc_column][vc_column width=&#8221;1\/3&#8243;][vc_column_text]Contacto[\/vc_column_text][vc_column_text] Tr. Saavedra Fajardo, Parcela 22-4, M\u00f3dulo A-8, Pol\u00edgono Industrial Oeste, San Gin\u00e9s (Murcia) 30169. Tel.:\u00a0675 784 975 Tel.:\u00a0968 404 472 Mail: ginsatel@ginsatel.com Web: ginsatel.com Hora:\u00a0Lunes &#8211; Viernes 09:00 &#8211; 14:00 \/ 16:00 &#8211; 19:00 Coordenadas GPS Latitud: 37.95090 \u00ba Longitud: &#8211; 1.19339 \u00ba Altitud: [&hellip;]<\/p>\n","protected":false},"author":488,"featured_media":0,"parent":0,"menu_order":0,"comment_status":"closed","ping_status":"closed","template":"page-templates\/template-canvas.php","meta":{"footnotes":""},"class_list":["post-256","page","type-page","status-publish","hentry"],"_links":{"self":[{"href":"https:\/\/ginsatel.com\/index.php\/wp-json\/wp\/v2\/pages\/256","targetHints":{"allow":["GET"]}}],"collection":[{"href":"https:\/\/ginsatel.com\/index.php\/wp-json\/wp\/v2\/pages"}],"about":[{"href":"https:\/\/ginsatel.com\/index.php\/wp-json\/wp\/v2\/types\/page"}],"author":[{"embeddable":true,"href":"https:\/\/ginsatel.com\/index.php\/wp-json\/wp\/v2\/users\/488"}],"replies":[{"embeddable":true,"href":"https:\/\/ginsatel.com\/index.php\/wp-json\/wp\/v2\/comments?post=256"}],"version-history":[{"count":89,"href":"https:\/\/ginsatel.com\/index.php\/wp-json\/wp\/v2\/pages\/256\/revisions"}],"predecessor-version":[{"id":1545,"href":"https:\/\/ginsatel.com\/index.php\/wp-json\/wp\/v2\/pages\/256\/revisions\/1545"}],"wp:attachment":[{"href":"https:\/\/ginsatel.com\/index.php\/wp-json\/wp\/v2\/media?parent=256"}],"curies":[{"name":"wp","href":"https:\/\/api.w.org\/{rel}","templated":true}]}}