{"id":922,"date":"2016-03-20T01:04:55","date_gmt":"2016-03-20T01:04:55","guid":{"rendered":"https:\/\/ginsatel.com\/?page_id=922"},"modified":"2016-04-12T22:17:41","modified_gmt":"2016-04-12T22:17:41","slug":"quienes-somos-ginsatel-murcia-instalaciones-electricas","status":"publish","type":"page","link":"https:\/\/ginsatel.com\/index.php\/quienes-somos-ginsatel-murcia-instalaciones-electricas\/","title":{"rendered":"Qui\u00e9nes Somos ?"},"content":{"rendered":"<div class=\"wpb-content-wrapper\"><p>[vc_row fullwidth=&#8221;yes&#8221; css=&#8221;.vc_custom_1458426317106{padding-top: 0px !important;padding-bottom: 0px !important;background-position: center !important;background-repeat: no-repeat !important;background-size: cover !important;}&#8221; el_class=&#8221;text-light&#8221;][vc_column]\t<!-- Element: OT Home HTML5 Video --> \t\n\t<div class=\"de-video-container full-height no-padding\">\n        <div class=\"de-video-content\">\n            <div class=\"text-center\">\n            \t\t                <div class=\"teaser-text\">\n\t                    INSTALACIONES EL\u00c9CTRICAS\t                <\/div>\n\t                <div class=\"spacer-single\"><\/div>\n                \n                <div class=\"text-slider border-deco\">\n\t                  \n                <\/div>\n                <div class=\"spacer-single\"><\/div>\n                <a href=\"https:\/\/ginsatel.com\/servicios\" target=\"_self\" class=\"btn-slider\">Ver Servicio<\/a>            <\/div>\n        <\/div>\n\n                \t<div class=\"de-video-overlay\"><\/div>\n         \n\n        <!-- load your video here -->\n        <video preload=\"auto\" autoplay=\"\" loop=\"\" muted=\"\" poster=\"\" playsinline>\n             <source src=\"https:\/\/ginsatel.com\/descargar\/ginsatel-logo.mp4\" type=\"video\/mp4\"> \t\t\t <source src=\"https:\/\/ginsatel.com\/descargar\/ginsatel_logo.webm\" type=\"video\/webm\">         <\/video>\n    <\/div>\n\n[\/vc_column][\/vc_row][vc_row css=&#8221;.vc_custom_1438575257462{padding-top: 90px !important;padding-bottom: 90px !important;}&#8221;][vc_column animate=&#8221;fadeinup&#8221;][vc_single_image image=&#8221;879&#8243; img_size=&#8221;555&#215;425&#8243; alignment=&#8221;center&#8221;][\/vc_column][\/vc_row][vc_row css=&#8221;.vc_custom_1458515235360{padding-bottom: 32px !important;background-position: 0 0 !important;background-repeat: no-repeat !important;}&#8221;][vc_column width=&#8221;1\/2&#8243;][vc_single_image image=&#8221;946&#8243; img_size=&#8221;848&#215;691&#8243; alignment=&#8221;center&#8221;][\/vc_column][vc_column width=&#8221;1\/2&#8243;][vc_column_text]<\/p>\n<h1 style=\"text-align: justify;\"><\/h1>\n<h1><span style=\"font-family: montserrat;\">\u00bfQui\u00e9nes Somos?<\/span><\/h1>\n<h3 style=\"text-align: justify;\">LA MERCANTIL se fund\u00f3 con la finalidad de satisfacer las necesidades de cada cliente de forma individualizada.<\/h3>\n<p style=\"text-align: justify;\"><span style=\"color: #000000;\">Se caracteriza por el trato personal y asesoramiento de gran calidad. Persigue la prestaci\u00f3n del mejor servicio al mejor precio de forma eficiente <strong>ofreciendo la mejor soluci\u00f3n integral.<\/strong><\/span><\/p>\n<p style=\"text-align: justify;\"><span style=\"color: #000000;\">La plantilla de trabajadores est\u00e1 formada por profesionales electricistas altamente cualificados debido a la apuesta por la formaci\u00f3n continua, trabajo en equipo y gran experiencia laboral en el sector. Adem\u00e1s de disponer de un equipo t\u00e9cnico que destaca por su gran capacidad de asesoramiento y rapidez en la gesti\u00f3n documental.<\/span><\/p>\n<p style=\"text-align: justify;\"><span style=\"color: #333333;\"><strong>Ginsatel Murcia, SL<\/strong><strong><br \/>\n<strong>Se identifica por poder ofrecer al cliente trabajos especializados en telecomunicaciones, inform\u00e1tica, alta y baja tensi\u00f3n.<\/strong><\/strong><\/span><\/p>\n<p style=\"text-align: left;\"><span style=\"font-size: 24pt;\"><strong><br \/>\n<\/strong><\/span><\/p>\n<p>[\/vc_column_text][\/vc_column][\/vc_row][vc_row css=&#8221;.vc_custom_1458514795364{padding-top: 90px !important;padding-bottom: 90px !important;background-color: #000000 !important;}&#8221;][vc_column animate=&#8221;fadeinup&#8221; el_class=&#8221;container-4 &#8220;]\n\t<!-- Element: OT Our Team --> \t \n    <!-- team member -->\n    <div class=\"de-team-list team-box wow fadeInUp\">\n    \t\t        <div class=\"team-pic\">\n\t        \t<img fetchpriority=\"high\" decoding=\"async\" width=\"1024\" height=\"1024\" src=\"https:\/\/ginsatel.com\/wp-content\/uploads\/2016\/03\/logistica-2-1024x1024.jpg\" class=\"img-responsive\" alt=\"\" srcset=\"https:\/\/ginsatel.com\/wp-content\/uploads\/2016\/03\/logistica-2-1024x1024.jpg 1024w, https:\/\/ginsatel.com\/wp-content\/uploads\/2016\/03\/logistica-2-150x150.jpg 150w, https:\/\/ginsatel.com\/wp-content\/uploads\/2016\/03\/logistica-2-300x300.jpg 300w, https:\/\/ginsatel.com\/wp-content\/uploads\/2016\/03\/logistica-2-768x768.jpg 768w, https:\/\/ginsatel.com\/wp-content\/uploads\/2016\/03\/logistica-2-180x180.jpg 180w, https:\/\/ginsatel.com\/wp-content\/uploads\/2016\/03\/logistica-2-600x600.jpg 600w, https:\/\/ginsatel.com\/wp-content\/uploads\/2016\/03\/logistica-2.jpg 400w\" sizes=\"(max-width: 1024px) 100vw, 1024px\" title=\"logistica\" \/>          \n\t        <\/div>\n                <div class=\"team-desc\">\n            <h3>Logistica<\/h3>\n            <p class=\"lead\">Equipo de Logistica<\/p>            <div class=\"small-border\"><\/div>\n            <p>Realiza la direcci\u00f3n de equipos para llevar acabo cualquier proyecto.<\/p>            <div class=\"social\">\n                <a href=\"#\" target=\"_blank\"><i class=\"fa fa-facebook fa-lg\"><\/i><\/a>                <a href=\"#\" target=\"_blank\"><i class=\"fa fa-twitter fa-lg\"><\/i><\/a>                <a href=\"#\" target=\"_blank\"><i class=\"fa fa-skype fa-lg\"><\/i><\/a>                <a href=\"mailto:ginsatel@ginsatel.com\" target=\"_blank\"><i class=\"fa fa-envelope fa-lg\"><\/i><\/a>            <\/div>\n        <\/div>\n    <\/div>\n    <!-- team close -->\n\n\n\t<!-- Element: OT Our Team --> \t \n    <!-- team member -->\n    <div class=\"de-team-list team-box wow fadeInUp\">\n    \t\t        <div class=\"team-pic\">\n\t        \t<img decoding=\"async\" width=\"1024\" height=\"1024\" src=\"https:\/\/ginsatel.com\/wp-content\/uploads\/2016\/03\/electricistas-2-1024x1024.jpg\" class=\"img-responsive\" alt=\"\" srcset=\"https:\/\/ginsatel.com\/wp-content\/uploads\/2016\/03\/electricistas-2-1024x1024.jpg 1024w, https:\/\/ginsatel.com\/wp-content\/uploads\/2016\/03\/electricistas-2-150x150.jpg 150w, https:\/\/ginsatel.com\/wp-content\/uploads\/2016\/03\/electricistas-2-300x300.jpg 300w, https:\/\/ginsatel.com\/wp-content\/uploads\/2016\/03\/electricistas-2-768x768.jpg 768w, https:\/\/ginsatel.com\/wp-content\/uploads\/2016\/03\/electricistas-2-180x180.jpg 180w, https:\/\/ginsatel.com\/wp-content\/uploads\/2016\/03\/electricistas-2-600x600.jpg 600w, https:\/\/ginsatel.com\/wp-content\/uploads\/2016\/03\/electricistas-2.jpg 400w\" sizes=\"(max-width: 1024px) 100vw, 1024px\" title=\"electricistas\" \/>          \n\t        <\/div>\n                <div class=\"team-desc\">\n            <h3>T\u00e9cnicos Profesionales<\/h3>\n            <p class=\"lead\">Equipo t\u00e9cnico<\/p>            <div class=\"small-border\"><\/div>\n            <p>Tecnicos especialista en resolver cualquier incidencia.<\/p>            <div class=\"social\">\n                <a href=\"#\" target=\"_blank\"><i class=\"fa fa-google-plus fa-lg\"><\/i><\/a>                <a href=\"#\" target=\"_blank\"><i class=\"fa fa-facebook fa-lg\"><\/i><\/a>                <a href=\"#\" target=\"_blank\"><i class=\"fa fa-skype fa-lg\"><\/i><\/a>                <a href=\"mailto:ginsatel@ginsatel.com\" target=\"_blank\"><i class=\"fa fa-envelope fa-lg\"><\/i><\/a>            <\/div>\n        <\/div>\n    <\/div>\n    <!-- team close -->\n\n\n\t<!-- Element: OT Our Team --> \t \n    <!-- team member -->\n    <div class=\"de-team-list team-box wow fadeInUp\">\n    \t\t        <div class=\"team-pic\">\n\t        \t<img decoding=\"async\" width=\"1024\" height=\"1024\" src=\"https:\/\/ginsatel.com\/wp-content\/uploads\/2016\/03\/proyectos-2-1024x1024.jpg\" class=\"img-responsive\" alt=\"\" srcset=\"https:\/\/ginsatel.com\/wp-content\/uploads\/2016\/03\/proyectos-2-1024x1024.jpg 1024w, https:\/\/ginsatel.com\/wp-content\/uploads\/2016\/03\/proyectos-2-150x150.jpg 150w, https:\/\/ginsatel.com\/wp-content\/uploads\/2016\/03\/proyectos-2-300x300.jpg 300w, https:\/\/ginsatel.com\/wp-content\/uploads\/2016\/03\/proyectos-2-768x768.jpg 768w, https:\/\/ginsatel.com\/wp-content\/uploads\/2016\/03\/proyectos-2-180x180.jpg 180w, https:\/\/ginsatel.com\/wp-content\/uploads\/2016\/03\/proyectos-2-600x600.jpg 600w, https:\/\/ginsatel.com\/wp-content\/uploads\/2016\/03\/proyectos-2.jpg 400w\" sizes=\"(max-width: 1024px) 100vw, 1024px\" title=\"proyectos\" \/>          \n\t        <\/div>\n                <div class=\"team-desc\">\n            <h3>Proyectos<\/h3>\n            <p class=\"lead\">Equipo de proyecto<\/p>            <div class=\"small-border\"><\/div>\n            <p>Contamos con un equipo para la gesti\u00f3n de cualquier proyecto.<\/p>            <div class=\"social\">\n                <a href=\"#\" target=\"_blank\"><i class=\"fa fa-facebook fa-lg\"><\/i><\/a>                <a href=\"#\" target=\"_blank\"><i class=\"fa fa-twitter fa-lg\"><\/i><\/a>                <a href=\"#\" target=\"_blank\"><i class=\"fa fa-skype fa-lg\"><\/i><\/a>                <a href=\"mailto:ginsatel@ginsatel.com\" target=\"_blank\"><i class=\"fa fa-envelope fa-lg\"><\/i><\/a>            <\/div>\n        <\/div>\n    <\/div>\n    <!-- team close -->\n\n\n\t<!-- Element: OT Our Team --> \t \n    <!-- team member -->\n    <div class=\"de-team-list team-box wow fadeInUp\">\n    \t\t        <div class=\"team-pic\">\n\t        \t<img loading=\"lazy\" decoding=\"async\" width=\"1024\" height=\"1024\" src=\"https:\/\/ginsatel.com\/wp-content\/uploads\/2016\/03\/soporte-2-1024x1024.jpg\" class=\"img-responsive\" alt=\"\" srcset=\"https:\/\/ginsatel.com\/wp-content\/uploads\/2016\/03\/soporte-2-1024x1024.jpg 1024w, https:\/\/ginsatel.com\/wp-content\/uploads\/2016\/03\/soporte-2-150x150.jpg 150w, https:\/\/ginsatel.com\/wp-content\/uploads\/2016\/03\/soporte-2-300x300.jpg 300w, https:\/\/ginsatel.com\/wp-content\/uploads\/2016\/03\/soporte-2-768x768.jpg 768w, https:\/\/ginsatel.com\/wp-content\/uploads\/2016\/03\/soporte-2-180x180.jpg 180w, https:\/\/ginsatel.com\/wp-content\/uploads\/2016\/03\/soporte-2-600x600.jpg 600w, https:\/\/ginsatel.com\/wp-content\/uploads\/2016\/03\/soporte-2.jpg 400w\" sizes=\"(max-width: 1024px) 100vw, 1024px\" title=\"soporte\" \/>          \n\t        <\/div>\n                <div class=\"team-desc\">\n            <h3>Atenci\u00f3n al cliente<\/h3>\n            <p class=\"lead\">Soporte de ayuda<\/p>            <div class=\"small-border\"><\/div>\n            <p>Nuestro servicio de Atenci\u00f3n al Cliente esta para atenderle y resolverle cualquier duda.<\/p>            <div class=\"social\">\n                <a href=\"#\" target=\"_blank\"><i class=\"fa fa-facebook fa-lg\"><\/i><\/a>                <a href=\"#\" target=\"_blank\"><i class=\"fa fa-twitter fa-lg\"><\/i><\/a>                <a href=\"#\" target=\"_blank\"><i class=\"fa fa-skype fa-lg\"><\/i><\/a>                <a href=\"mailto:ginsatel@ginsatel.com\" target=\"_blank\"><i class=\"fa fa-envelope fa-lg\"><\/i><\/a>            <\/div>\n        <\/div>\n    <\/div>\n    <!-- team close -->\n\n[\/vc_column][\/vc_row][vc_row css=&#8221;.vc_custom_1438575257462{padding-top: 90px !important;padding-bottom: 90px !important;}&#8221;][vc_column animate=&#8221;fadeinup&#8221;][\/vc_column][vc_column width=&#8221;1\/3&#8243; animate=&#8221;fadeinleft&#8221;][vc_single_image image=&#8221;1331&#8243; img_size=&#8221;full&#8221; alignment=&#8221;center&#8221; css=&#8221;.vc_custom_1459552701253{padding-top: 25px !important;}&#8221;][vc_column_text css=&#8221;.vc_custom_1459591741295{margin-bottom: 30px !important;}&#8221;]<\/p>\n<p style=\"text-align: center;\"><span style=\"font-family: montserrat; font-size: 30pt; line-height: 30pt; color: #000000;\">NUESTRA <\/span><br \/>\n<strong><span style=\"font-family: montserrat; font-size: 30pt; line-height: 30pt; color: #000000;\"> Misi\u00f3n<\/span><\/strong><\/p>\n<p style=\"text-align: justify;\"><span style=\"color: #000000;\">Realizaci\u00f3n de instalaciones el\u00e9ctricas en general priorizando la plena satisfacci\u00f3n del cliente.<\/span><\/p>\n<p>[\/vc_column_text][vc_column_text css=&#8221;.vc_custom_1459811993208{margin-bottom: 30px !important;}&#8221;]<\/p>\n<ul>\n<li><span style=\"color: #000000;\">CALIDAD<\/span><\/li>\n<li><span style=\"color: #000000;\">SEGURIDAD<\/span><\/li>\n<li><span style=\"color: #000000;\">CONFINAZA<\/span><\/li>\n<li><span style=\"color: #000000;\">RESPONSABILIDAD<\/span><\/li>\n<\/ul>\n<p>[\/vc_column_text][vc_empty_space height=&#8221;38px&#8221;]\n\t<!-- Element: OT Heading --> \t \n\t<h3 class=\"ot_custom_heading  \" style=\"text-align: center;\" >- <b>CLIENTES<\/b> SATISFECHOS -<\/h3>\t\n[\/vc_column][vc_column width=&#8221;1\/3&#8243; animate=&#8221;fadeinup&#8221;][vc_single_image image=&#8221;1333&#8243; img_size=&#8221;full&#8221; alignment=&#8221;center&#8221; css=&#8221;.vc_custom_1459552717332{padding-top: 25px !important;}&#8221;][vc_column_text css=&#8221;.vc_custom_1459591749641{margin-bottom: 30px !important;}&#8221;]<\/p>\n<p style=\"text-align: center;\"><span style=\"font-family: montserrat; font-size: 30pt; line-height: 30pt; color: #000000;\">NUESTRA <\/span><br \/>\n<strong><span style=\"font-family: montserrat; font-size: 30pt; line-height: 30pt; color: #000000;\"> Visi\u00f3n<\/span><\/strong><\/p>\n<p style=\"text-align: justify;\"><span style=\"color: #000000;\">Ser empresa reconocida en el \u00e1mbito regional por su seguridad y calidad.<\/span><\/p>\n<p>[\/vc_column_text][vc_column_text css=&#8221;.vc_custom_1459025596701{margin-bottom: 30px !important;}&#8221;]<\/p>\n<ul>\n<li><span style=\"color: #000000;\">EFICACIA<\/span><\/li>\n<li><span style=\"color: #000000;\">SEGURIDAD<\/span><\/li>\n<li><span style=\"color: #000000;\">CALIDAD<\/span><\/li>\n<\/ul>\n<p>[\/vc_column_text][vc_empty_space height=&#8221;74px&#8221;]\n\t<!-- Element: OT Heading --> \t \n\t<h3 class=\"ot_custom_heading  \" style=\"text-align: center;\" >- <b>SEGURIDAD<\/b> Y CALIDAD -<\/h3>\t\n[\/vc_column][vc_column width=&#8221;1\/3&#8243; animate=&#8221;fadinright&#8221;][vc_single_image image=&#8221;1332&#8243; img_size=&#8221;full&#8221; alignment=&#8221;center&#8221; css=&#8221;.vc_custom_1459552731593{padding-top: 25px !important;}&#8221;][vc_column_text css=&#8221;.vc_custom_1459591757231{margin-bottom: 30px !important;}&#8221;]<\/p>\n<p style=\"text-align: center;\"><span style=\"font-family: montserrat; font-size: 30pt; line-height: 30pt; color: #000000;\">NUESTROS <\/span><br \/>\n<strong><span style=\"font-size: 30pt; line-height: 30pt; color: #000000; font-family: montserrat;\"> Valores<\/span><\/strong><\/p>\n<p style=\"text-align: justify;\"><span style=\"color: #000000;\">Ofrecemos el servicio con la mayor calidad , rapidez posible y un trato \u00fanico con el cliente.<\/span><\/p>\n<p>[\/vc_column_text][vc_column_text css=&#8221;.vc_custom_1459025652077{margin-bottom: 30px !important;}&#8221;]<\/p>\n<ul>\n<li><span style=\"color: #000000;\">PROFESIONALIDAD<\/span><\/li>\n<li><span style=\"color: #000000;\">MOTIVACI\u00d3N<\/span><\/li>\n<li><span style=\"color: #000000;\">SERIEDAD<\/span><\/li>\n<li><span style=\"color: #000000;\">PUNTUALIDAD<\/span><\/li>\n<li><span style=\"color: #000000;\">COMPROMISO<\/span><\/li>\n<li><span style=\"color: #000000;\">LEALTAD<\/span><\/li>\n<li><span style=\"color: #000000;\">TRABAJO EN EQUIPO<\/span><\/li>\n<\/ul>\n<p>[\/vc_column_text]\n\t<!-- Element: OT Heading --> \t \n\t<h3 class=\"ot_custom_heading  \" style=\"text-align: center;\" >- <b>TRABAJO<\/b> EN EQUIPO -<\/h3>\t\n[\/vc_column][\/vc_row][vc_row fullwidth=&#8221;yes&#8221; css=&#8221;.vc_custom_1442204580531{padding-top: 60px !important;padding-bottom: 60px !important;}&#8221; el_class=&#8221;call-to-action bg-color text-center&#8221;][vc_column]\t\t\t\n\t<!-- Element: OT Button --> \n\t\t\t<a href=\"https:\/\/ginsatel.com\/index.php\/contacto-ginsatel-instalaciones-electricas-murcia\/\" target=\"_self\" class=\"btn btn-line-black btn-big  \">CONTACTA CON NOSOTROS<\/a>\n\t    \n[\/vc_column][\/vc_row]<\/p>\n<\/div>","protected":false},"excerpt":{"rendered":"<p>[vc_row fullwidth=&#8221;yes&#8221; css=&#8221;.vc_custom_1458426317106{padding-top: 0px !important;padding-bottom: 0px !important;background-position: center !important;background-repeat: no-repeat !important;background-size: cover !important;}&#8221; el_class=&#8221;text-light&#8221;][vc_column][\/vc_column][\/vc_row][vc_row css=&#8221;.vc_custom_1438575257462{padding-top: 90px !important;padding-bottom: 90px !important;}&#8221;][vc_column animate=&#8221;fadeinup&#8221;][vc_single_image image=&#8221;879&#8243; img_size=&#8221;555&#215;425&#8243; alignment=&#8221;center&#8221;][\/vc_column][\/vc_row][vc_row css=&#8221;.vc_custom_1458515235360{padding-bottom: 32px !important;background-position: 0 0 !important;background-repeat: no-repeat !important;}&#8221;][vc_column width=&#8221;1\/2&#8243;][vc_single_image image=&#8221;946&#8243; img_size=&#8221;848&#215;691&#8243; alignment=&#8221;center&#8221;][\/vc_column][vc_column width=&#8221;1\/2&#8243;][vc_column_text] \u00bfQui\u00e9nes Somos? LA MERCANTIL se fund\u00f3 con la finalidad de satisfacer las necesidades de cada cliente de forma individualizada. [&hellip;]<\/p>\n","protected":false},"author":488,"featured_media":0,"parent":0,"menu_order":0,"comment_status":"closed","ping_status":"closed","template":"page-templates\/template-canvas.php","meta":{"footnotes":""},"class_list":["post-922","page","type-page","status-publish","hentry"],"_links":{"self":[{"href":"https:\/\/ginsatel.com\/index.php\/wp-json\/wp\/v2\/pages\/922","targetHints":{"allow":["GET"]}}],"collection":[{"href":"https:\/\/ginsatel.com\/index.php\/wp-json\/wp\/v2\/pages"}],"about":[{"href":"https:\/\/ginsatel.com\/index.php\/wp-json\/wp\/v2\/types\/page"}],"author":[{"embeddable":true,"href":"https:\/\/ginsatel.com\/index.php\/wp-json\/wp\/v2\/users\/488"}],"replies":[{"embeddable":true,"href":"https:\/\/ginsatel.com\/index.php\/wp-json\/wp\/v2\/comments?post=922"}],"version-history":[{"count":82,"href":"https:\/\/ginsatel.com\/index.php\/wp-json\/wp\/v2\/pages\/922\/revisions"}],"predecessor-version":[{"id":1408,"href":"https:\/\/ginsatel.com\/index.php\/wp-json\/wp\/v2\/pages\/922\/revisions\/1408"}],"wp:attachment":[{"href":"https:\/\/ginsatel.com\/index.php\/wp-json\/wp\/v2\/media?parent=922"}],"curies":[{"name":"wp","href":"https:\/\/api.w.org\/{rel}","templated":true}]}}